{"id":758,"date":"2024-05-21T09:27:07","date_gmt":"2024-05-21T12:27:07","guid":{"rendered":"https:\/\/www.fegimeacademy.es\/sitio\/?page_id=758"},"modified":"2024-05-24T05:49:52","modified_gmt":"2024-05-24T08:49:52","slug":"beneficios","status":"publish","type":"page","link":"https:\/\/www.fegimeacademy.es\/sitio\/nosotros\/beneficios\/","title":{"rendered":"Beneficios"},"content":{"rendered":"\n<h2 class=\"wp-block-heading has-accent-color has-text-color\">La soluci\u00f3n adecuada para nuestra industria<\/h2>\n\n\n\n<p><\/p>\n\n\n\n<div style=\"height:30px\" aria-hidden=\"true\" class=\"wp-block-spacer\"><\/div>\n\n\n\n<p><\/p>\n\n\n\n<div class=\"wp-block-columns is-layout-flex wp-container-4\">\n<div class=\"wp-block-column is-layout-flow\">\n<figure class=\"wp-block-image size-full is-resized\"><img decoding=\"async\" loading=\"lazy\" src=\"https:\/\/www.fegimeacademy.es\/sitio\/wp-content\/uploads\/2024\/05\/achievement-male-man-target-reach.png\" alt=\"\" class=\"wp-image-762\" width=\"100\" height=\"100\" srcset=\"https:\/\/www.fegimeacademy.es\/sitio\/wp-content\/uploads\/2024\/05\/achievement-male-man-target-reach.png 720w, https:\/\/www.fegimeacademy.es\/sitio\/wp-content\/uploads\/2024\/05\/achievement-male-man-target-reach-500x500.png 500w\" sizes=\"(max-width: 100px) 100vw, 100px\" \/><\/figure>\n\n\n\n<h5 class=\"wp-block-heading has-accent-color has-text-color\">Impulso para tu carrera<\/h5>\n\n\n\n<p>Avanza en tu educaci\u00f3n, progresa en tu trabajo, adquiere nuevas responsabilidades y supera tus expectivas mediante una formaci\u00f3n de calidad, programada y con una direcci\u00f3n estrat\u00e9gica clara.<\/p>\n<\/div>\n\n\n\n<div class=\"wp-block-column is-layout-flow\">\n<figure class=\"wp-block-image size-full is-resized\"><img decoding=\"async\" loading=\"lazy\" src=\"https:\/\/www.fegimeacademy.es\/sitio\/wp-content\/uploads\/2024\/05\/workers-files-male-man-document.png\" alt=\"\" class=\"wp-image-763\" width=\"100\" height=\"100\" srcset=\"https:\/\/www.fegimeacademy.es\/sitio\/wp-content\/uploads\/2024\/05\/workers-files-male-man-document.png 720w, https:\/\/www.fegimeacademy.es\/sitio\/wp-content\/uploads\/2024\/05\/workers-files-male-man-document-500x500.png 500w\" sizes=\"(max-width: 100px) 100vw, 100px\" \/><\/figure>\n\n\n\n<h5 class=\"wp-block-heading has-accent-color has-text-color\">Certificado<\/h5>\n\n\n\n<p>Los certificados se expiden autom\u00e1ticamente desde la plataforma al finalizar la formaci\u00f3n, despu\u00e9s de realizar satisfactoriamente el test de comprobaci\u00f3n de conocimientos.<\/p>\n<\/div>\n\n\n\n<div class=\"wp-block-column is-layout-flow\">\n<figure class=\"wp-block-image size-full is-resized\"><img decoding=\"async\" loading=\"lazy\" src=\"https:\/\/www.fegimeacademy.es\/sitio\/wp-content\/uploads\/2024\/05\/account-settings-male-man-options-user.png\" alt=\"\" class=\"wp-image-761\" width=\"100\" height=\"100\" srcset=\"https:\/\/www.fegimeacademy.es\/sitio\/wp-content\/uploads\/2024\/05\/account-settings-male-man-options-user.png 720w, https:\/\/www.fegimeacademy.es\/sitio\/wp-content\/uploads\/2024\/05\/account-settings-male-man-options-user-500x500.png 500w\" sizes=\"(max-width: 100px) 100vw, 100px\" \/><\/figure>\n\n\n\n<h5 class=\"wp-block-heading has-accent-color has-text-color\">Competencias profesionales<\/h5>\n\n\n\n<p>Los cursos est\u00e1n espec\u00edficamente dise\u00f1ados para nuestro sector, actualizados cada a\u00f1o para estar adaptados a los \u00faltimos cambios normativos y las nuevas tecnolog\u00edas aplicadas a la industria el\u00e9ctrica.<\/p>\n<\/div>\n<\/div>\n\n\n\n<div style=\"height:20px\" aria-hidden=\"true\" class=\"wp-block-spacer\"><\/div>\n\n\n\n<div class=\"wp-block-columns is-layout-flex wp-container-8\">\n<div class=\"wp-block-column is-layout-flow\">\n<figure class=\"wp-block-image size-full is-resized\"><img decoding=\"async\" loading=\"lazy\" src=\"https:\/\/www.fegimeacademy.es\/sitio\/wp-content\/uploads\/2024\/05\/startup-laptop-computer-launch-monitor.png\" alt=\"\" class=\"wp-image-764\" width=\"100\" height=\"100\" srcset=\"https:\/\/www.fegimeacademy.es\/sitio\/wp-content\/uploads\/2024\/05\/startup-laptop-computer-launch-monitor.png 720w, https:\/\/www.fegimeacademy.es\/sitio\/wp-content\/uploads\/2024\/05\/startup-laptop-computer-launch-monitor-500x500.png 500w\" sizes=\"(max-width: 100px) 100vw, 100px\" \/><\/figure>\n\n\n\n<h5 class=\"wp-block-heading has-accent-color has-text-color\">Teleformaci\u00f3n<\/h5>\n\n\n\n<p>Cursos 100% online, disponibles las 24 horas dentro del periodo de activaci\u00f3n del mismo para que pueda adaptarse a tu ritmo de vida, incluso cuando viajas o est\u00e1s en casa.<\/p>\n<\/div>\n\n\n\n<div class=\"wp-block-column is-layout-flow\">\n<figure class=\"wp-block-image size-full is-resized\"><img decoding=\"async\" loading=\"lazy\" src=\"https:\/\/www.fegimeacademy.es\/sitio\/wp-content\/uploads\/2024\/05\/bookmark-bookmarked-marker-book-copia.png\" alt=\"\" class=\"wp-image-765\" width=\"100\" height=\"100\" srcset=\"https:\/\/www.fegimeacademy.es\/sitio\/wp-content\/uploads\/2024\/05\/bookmark-bookmarked-marker-book-copia.png 720w, https:\/\/www.fegimeacademy.es\/sitio\/wp-content\/uploads\/2024\/05\/bookmark-bookmarked-marker-book-copia-500x500.png 500w\" sizes=\"(max-width: 100px) 100vw, 100px\" \/><\/figure>\n\n\n\n<h5 class=\"wp-block-heading has-accent-color has-text-color\">Amplio cat\u00e1logo<\/h5>\n\n\n\n<p>2000 cursos disponibles para formaci\u00f3n privada y para formaci\u00f3n programada por la empresa, incluyendo formaci\u00f3n exclusiva para Fegime de la mano de nuestros proveedores referenciados.<\/p>\n<\/div>\n\n\n\n<div class=\"wp-block-column is-layout-flow\"><\/div>\n<\/div>\n","protected":false},"excerpt":{"rendered":"<p>La soluci\u00f3n adecuada para nuestra industria Impulso para tu carrera Avanza en tu educaci\u00f3n, progresa en tu trabajo, adquiere nuevas responsabilidades y supera tus expectivas mediante una formaci\u00f3n de calidad, programada y con una direcci\u00f3n estrat\u00e9gica clara. Certificado Los certificados se expiden autom\u00e1ticamente desde la plataforma al finalizar la formaci\u00f3n, despu\u00e9s de realizar satisfactoriamente el &#8230; <a title=\"Beneficios\" class=\"read-more\" href=\"https:\/\/www.fegimeacademy.es\/sitio\/nosotros\/beneficios\/\" aria-label=\"M\u00e1s en Beneficios\">[+]<\/a><\/p>\n","protected":false},"author":1,"featured_media":810,"parent":289,"menu_order":2,"comment_status":"closed","ping_status":"closed","template":"","meta":[],"_links":{"self":[{"href":"https:\/\/www.fegimeacademy.es\/sitio\/wp-json\/wp\/v2\/pages\/758"}],"collection":[{"href":"https:\/\/www.fegimeacademy.es\/sitio\/wp-json\/wp\/v2\/pages"}],"about":[{"href":"https:\/\/www.fegimeacademy.es\/sitio\/wp-json\/wp\/v2\/types\/page"}],"author":[{"embeddable":true,"href":"https:\/\/www.fegimeacademy.es\/sitio\/wp-json\/wp\/v2\/users\/1"}],"replies":[{"embeddable":true,"href":"https:\/\/www.fegimeacademy.es\/sitio\/wp-json\/wp\/v2\/comments?post=758"}],"version-history":[{"count":7,"href":"https:\/\/www.fegimeacademy.es\/sitio\/wp-json\/wp\/v2\/pages\/758\/revisions"}],"predecessor-version":[{"id":796,"href":"https:\/\/www.fegimeacademy.es\/sitio\/wp-json\/wp\/v2\/pages\/758\/revisions\/796"}],"up":[{"embeddable":true,"href":"https:\/\/www.fegimeacademy.es\/sitio\/wp-json\/wp\/v2\/pages\/289"}],"wp:featuredmedia":[{"embeddable":true,"href":"https:\/\/www.fegimeacademy.es\/sitio\/wp-json\/wp\/v2\/media\/810"}],"wp:attachment":[{"href":"https:\/\/www.fegimeacademy.es\/sitio\/wp-json\/wp\/v2\/media?parent=758"}],"curies":[{"name":"wp","href":"https:\/\/api.w.org\/{rel}","templated":true}]}}