{"id":289,"date":"2016-10-31T13:19:36","date_gmt":"2016-10-31T16:19:36","guid":{"rendered":"https:\/\/www.fegimeacademy.es\/sitio\/?page_id=289"},"modified":"2024-05-24T05:48:57","modified_gmt":"2024-05-24T08:48:57","slug":"nosotros","status":"publish","type":"page","link":"https:\/\/www.fegimeacademy.es\/sitio\/nosotros\/","title":{"rendered":"\u00bfQu\u00e9 ofrecemos?"},"content":{"rendered":"<h2 class=\"font_2 wixui-rich-text__text\"><span class=\"wixui-rich-text__text\">\u00bfQu\u00e9 puede ofrecerte Fegime Academy?<\/span><\/h2>\n<hr>\n<div class=\"\" data-mesh-id=\"comp-j82zjytminlineContent\" data-testid=\"inline-content\">\n<div data-mesh-id=\"comp-j82zjytminlineContent-gridContainer\" data-testid=\"mesh-container-content\">\n<div id=\"comp-j82zk6bv\" class=\"HcOXKn SxM0TO QxJLC3 comp-j82zk6bv wixui-rich-text\" data-testid=\"richTextElement\" data-motion-enter=\"done\">\n<h5 class=\"font_5 wixui-rich-text__text\"><span class=\"color_24 wixui-rich-text__text\"><span class=\"wixui-rich-text__text\"><img decoding=\"async\" loading=\"lazy\" class=\"alignleft wp-image-714\" src=\"https:\/\/www.fegimeacademy.es\/sitio\/wp-content\/uploads\/2024\/05\/achievement-male-man-target-business.png\" alt=\"\" width=\"100\" height=\"100\" srcset=\"https:\/\/www.fegimeacademy.es\/sitio\/wp-content\/uploads\/2024\/05\/achievement-male-man-target-business.png 720w, https:\/\/www.fegimeacademy.es\/sitio\/wp-content\/uploads\/2024\/05\/achievement-male-man-target-business-500x500.png 500w\" sizes=\"(max-width: 100px) 100vw, 100px\" \/>Personalizada<\/span><\/span><\/h5>\n<\/div>\n<div id=\"comp-j82zk6bx\" class=\"HcOXKn SxM0TO QxJLC3 comp-j82zk6bx wixui-rich-text\" data-testid=\"richTextElement\" data-motion-enter=\"done\">\n<p class=\"font_8 wixui-rich-text__text\"><span class=\"wixui-rich-text__text\">Formaci\u00f3n espec\u00edfica para la distribuci\u00f3n de material el\u00e9ctrico, incluyendo formaci\u00f3n espec\u00edfica en \u00e1reas de conocimiento t\u00e9cnico. Incluye conocimientos generales para puestos de administraci\u00f3n, comercial, compras&#8230;<\/span><\/p>\n<\/div>\n<div id=\"comp-j82zk6bz\" class=\"HcOXKn SxM0TO QxJLC3 comp-j82zk6bz wixui-rich-text\" data-testid=\"richTextElement\" data-motion-enter=\"done\">\n<hr>\n<h5 class=\"font_5 wixui-rich-text__text\"><span class=\"color_24 wixui-rich-text__text\"><span class=\"wixui-rich-text__text\"><img decoding=\"async\" loading=\"lazy\" class=\"alignleft wp-image-716\" src=\"https:\/\/www.fegimeacademy.es\/sitio\/wp-content\/uploads\/2024\/05\/award-employee-male-man-badge.png\" alt=\"\" width=\"100\" height=\"100\" srcset=\"https:\/\/www.fegimeacademy.es\/sitio\/wp-content\/uploads\/2024\/05\/award-employee-male-man-badge.png 720w, https:\/\/www.fegimeacademy.es\/sitio\/wp-content\/uploads\/2024\/05\/award-employee-male-man-badge-500x500.png 500w\" sizes=\"(max-width: 100px) 100vw, 100px\" \/>Certificada<\/span><\/span><\/h5>\n<\/div>\n<div id=\"comp-j82zk6c1\" class=\"HcOXKn SxM0TO QxJLC3 comp-j82zk6c1 wixui-rich-text\" data-testid=\"richTextElement\" data-motion-enter=\"done\">\n<p class=\"font_8 wixui-rich-text__text\"><span class=\"wixui-rich-text__text\">A la finalizaci\u00f3n de cada curso, y superando los tests incluidos, el alumno recibe un certificado autom\u00e1tico de capacitaci\u00f3n perfectamente v\u00e1lido a nivel curricular.<\/span><\/p>\n<\/div>\n<\/div>\n<\/div>\n<div class=\"\" data-mesh-id=\"comp-j82zjytminlineContent\" data-testid=\"inline-content\">\n<div data-mesh-id=\"comp-j82zjytminlineContent-gridContainer\" data-testid=\"mesh-container-content\">\n<div id=\"comp-j82zk6c8\" class=\"HcOXKn SxM0TO QxJLC3 comp-j82zk6c8 wixui-rich-text\" data-testid=\"richTextElement\" data-motion-enter=\"done\">\n<hr>\n<h5 class=\"font_5 wixui-rich-text__text\"><span class=\"color_24 wixui-rich-text__text\"><span class=\"wixui-rich-text__text\"><img decoding=\"async\" loading=\"lazy\" class=\"alignleft wp-image-717\" src=\"https:\/\/www.fegimeacademy.es\/sitio\/wp-content\/uploads\/2024\/05\/goals-target-path-male-man.png\" alt=\"\" width=\"100\" height=\"100\" srcset=\"https:\/\/www.fegimeacademy.es\/sitio\/wp-content\/uploads\/2024\/05\/goals-target-path-male-man.png 720w, https:\/\/www.fegimeacademy.es\/sitio\/wp-content\/uploads\/2024\/05\/goals-target-path-male-man-500x500.png 500w\" sizes=\"(max-width: 100px) 100vw, 100px\" \/>Accesible<\/span><\/span><\/h5>\n<\/div>\n<div id=\"comp-j82zk6bh\" class=\"HcOXKn SxM0TO QxJLC3 comp-j82zk6bh wixui-rich-text\" data-testid=\"richTextElement\" data-motion-enter=\"done\">\n<p class=\"font_8 wixui-rich-text__text\"><span class=\"wixui-rich-text__text\">Podr\u00e1s acceder al curso justo donde lo dejaste desde cualquier lugar y dispositivo (m\u00f3vil u ordenador). Adem\u00e1s podr\u00e1s elegir los horarios m\u00e1s adecuados para t\u00ed, compatibiliz\u00e1ndolo con tu d\u00eda a d\u00eda.<\/span><\/p>\n<\/div>\n<div id=\"comp-j82zk6bn\" class=\"HcOXKn SxM0TO QxJLC3 comp-j82zk6bn wixui-rich-text\" data-testid=\"richTextElement\" data-motion-enter=\"done\">\n<hr>\n<h5 class=\"font_5 wixui-rich-text__text\"><span class=\"color_24 wixui-rich-text__text\"><span class=\"wixui-rich-text__text\"><img decoding=\"async\" loading=\"lazy\" class=\"alignleft wp-image-718\" src=\"https:\/\/www.fegimeacademy.es\/sitio\/wp-content\/uploads\/2024\/05\/performance-improve-improvement-male-man-employee.png\" alt=\"\" width=\"100\" height=\"100\" srcset=\"https:\/\/www.fegimeacademy.es\/sitio\/wp-content\/uploads\/2024\/05\/performance-improve-improvement-male-man-employee.png 720w, https:\/\/www.fegimeacademy.es\/sitio\/wp-content\/uploads\/2024\/05\/performance-improve-improvement-male-man-employee-500x500.png 500w\" sizes=\"(max-width: 100px) 100vw, 100px\" \/>Sin l\u00edmite<\/span><\/span><\/h5>\n<\/div>\n<div id=\"comp-j82zk6bp\" class=\"HcOXKn SxM0TO QxJLC3 comp-j82zk6bp wixui-rich-text\" data-testid=\"richTextElement\" data-motion-enter=\"done\">\n<p class=\"font_8 wixui-rich-text__text\"><span class=\"wixui-rich-text__text\">El l\u00edmite lo pones t\u00fa, no hay un n\u00famero m\u00e1ximo de cursos a los que puedas acceder. <\/span><span style=\"font-size: revert;\">S\u00edmplente tendr\u00e1 que validar tu responsable dentro de la empresa para poder iniciar la formaci\u00f3n de un nuevo curso.<\/span><\/p>\n<\/div>\n<div id=\"comp-j82zk6br\" class=\"HcOXKn SxM0TO QxJLC3 comp-j82zk6br wixui-rich-text\" data-testid=\"richTextElement\" data-motion-enter=\"done\">\n<hr>\n<h5 class=\"font_5 wixui-rich-text__text\"><span class=\"color_24 wixui-rich-text__text\"><span class=\"wixui-rich-text__text\"><img decoding=\"async\" loading=\"lazy\" class=\"alignleft wp-image-719\" src=\"https:\/\/www.fegimeacademy.es\/sitio\/wp-content\/uploads\/2024\/05\/work-time-clock-male-man-employee.png\" alt=\"\" width=\"100\" height=\"100\" srcset=\"https:\/\/www.fegimeacademy.es\/sitio\/wp-content\/uploads\/2024\/05\/work-time-clock-male-man-employee.png 720w, https:\/\/www.fegimeacademy.es\/sitio\/wp-content\/uploads\/2024\/05\/work-time-clock-male-man-employee-500x500.png 500w\" sizes=\"(max-width: 100px) 100vw, 100px\" \/>Tutorizable<\/span><\/span><\/h5>\n<\/div>\n<div id=\"comp-j82zk6bt\" class=\"HcOXKn SxM0TO QxJLC3 comp-j82zk6bt wixui-rich-text\" data-testid=\"richTextElement\" data-motion-enter=\"done\">\n<p class=\"font_8 wixui-rich-text__text\"><span class=\"wixui-rich-text__text\">En caso de dudas, tendr\u00e1s siempre un tutor externo disponible para resolver los problemas con el temario, quien te responder\u00e1 en unas pocas horas las consultas que le transmitas desde la plataforma.<\/span><\/p>\n<\/div>\n<\/div>\n<\/div>\n","protected":false},"excerpt":{"rendered":"<p>\u00bfQu\u00e9 puede ofrecerte Fegime Academy? Personalizada Formaci\u00f3n espec\u00edfica para la distribuci\u00f3n de material el\u00e9ctrico, incluyendo formaci\u00f3n espec\u00edfica en \u00e1reas de conocimiento t\u00e9cnico. Incluye conocimientos generales para puestos de administraci\u00f3n, comercial, compras&#8230; Certificada A la finalizaci\u00f3n de cada curso, y superando los tests incluidos, el alumno recibe un certificado autom\u00e1tico de capacitaci\u00f3n perfectamente v\u00e1lido a nivel &#8230; <a title=\"\u00bfQu\u00e9 ofrecemos?\" class=\"read-more\" href=\"https:\/\/www.fegimeacademy.es\/sitio\/nosotros\/\" aria-label=\"M\u00e1s en \u00bfQu\u00e9 ofrecemos?\">[+]<\/a><\/p>\n","protected":false},"author":1,"featured_media":808,"parent":0,"menu_order":0,"comment_status":"closed","ping_status":"closed","template":"","meta":[],"_links":{"self":[{"href":"https:\/\/www.fegimeacademy.es\/sitio\/wp-json\/wp\/v2\/pages\/289"}],"collection":[{"href":"https:\/\/www.fegimeacademy.es\/sitio\/wp-json\/wp\/v2\/pages"}],"about":[{"href":"https:\/\/www.fegimeacademy.es\/sitio\/wp-json\/wp\/v2\/types\/page"}],"author":[{"embeddable":true,"href":"https:\/\/www.fegimeacademy.es\/sitio\/wp-json\/wp\/v2\/users\/1"}],"replies":[{"embeddable":true,"href":"https:\/\/www.fegimeacademy.es\/sitio\/wp-json\/wp\/v2\/comments?post=289"}],"version-history":[{"count":20,"href":"https:\/\/www.fegimeacademy.es\/sitio\/wp-json\/wp\/v2\/pages\/289\/revisions"}],"predecessor-version":[{"id":809,"href":"https:\/\/www.fegimeacademy.es\/sitio\/wp-json\/wp\/v2\/pages\/289\/revisions\/809"}],"wp:featuredmedia":[{"embeddable":true,"href":"https:\/\/www.fegimeacademy.es\/sitio\/wp-json\/wp\/v2\/media\/808"}],"wp:attachment":[{"href":"https:\/\/www.fegimeacademy.es\/sitio\/wp-json\/wp\/v2\/media?parent=289"}],"curies":[{"name":"wp","href":"https:\/\/api.w.org\/{rel}","templated":true}]}}