{"id":286,"date":"2016-10-31T13:17:59","date_gmt":"2016-10-31T16:17:59","guid":{"rendered":"https:\/\/www.fegimeacademy.es\/sitio\/?page_id=286"},"modified":"2024-06-18T08:36:43","modified_gmt":"2024-06-18T11:36:43","slug":"inicio","status":"publish","type":"page","link":"https:\/\/www.fegimeacademy.es\/sitio\/","title":{"rendered":"Inicio"},"content":{"rendered":"<h1 style=\"text-align: center;\">Plataforma formaci\u00f3n Online<\/h1>\n<p style=\"text-align: center;\">Le proponemos formar parte de Fegime Academy,<br \/>\nla plataforma de teleformaci\u00f3n exclusiva del Grupo Fegime,<br \/>\ncon una oferta formativa que re\u00fane m\u00e1s de 2.000 cursos en diferentes \u00e1reas de especializaci\u00f3n.<\/p>\n<h2 style=\"text-align: center;\"><strong>\u00bfTodo listo para saber m\u00e1s?<\/strong><\/h2>\n<p style=\"text-align: center;\"><img decoding=\"async\" loading=\"lazy\" class=\"alignnone size-full wp-image-687\" src=\"https:\/\/www.fegimeacademy.es\/sitio\/wp-content\/uploads\/2024\/05\/inicio_saber_mas.png\" alt=\"\" width=\"800\" height=\"390\" srcset=\"https:\/\/www.fegimeacademy.es\/sitio\/wp-content\/uploads\/2024\/05\/inicio_saber_mas.png 800w, https:\/\/www.fegimeacademy.es\/sitio\/wp-content\/uploads\/2024\/05\/inicio_saber_mas-768x374.png 768w\" sizes=\"(max-width: 800px) 100vw, 800px\" \/><\/p>\n<p style=\"text-align: center;\">Est\u00e1s a un paso de acceder al cat\u00e1logo de formaci\u00f3n m\u00e1s importante de nuestro sector.<br \/>Solicita acceso a la herramienta a tu responsable directo o a Fegime.<\/p>\n<h3 style=\"text-align: center;\"><strong><a href=\"https:\/\/www.fegimeacademy.es\/aula\/catalogo.cgi?wAccion=oferta_view&amp;oferta_id=2\">Reg\u00edstrate<\/a><\/strong><\/h3>\n<hr \/>\n<p>&nbsp;<\/p>\n<div id=\"metaslider-id-650\" style=\"width: 100%;\" class=\"ml-slider-3-33-0 metaslider metaslider-flex metaslider-650 ml-slider ms-theme-default\" role=\"region\" aria-roledescription=\"Slideshow\" aria-label=\"Slideshow\">\n    <div id=\"metaslider_container_650\">\n        <div id=\"metaslider_650\" class=\"flexslider\">\n            <ul aria-live=\"polite\" class=\"slides\">\n                <li style=\"display: block; width: 100%;\" class=\"slide-673 ms-image\" aria-roledescription=\"slide\" aria-label=\"slide-673\"><img src=\"https:\/\/www.fegimeacademy.es\/sitio\/wp-content\/uploads\/2024\/05\/2-900x200.png\" height=\"200\" width=\"900\" alt=\"\" class=\"slider-650 slide-673\" title=\"2\" \/><\/li>\n                <li style=\"display: none; width: 100%;\" class=\"slide-674 ms-image\" aria-roledescription=\"slide\" aria-label=\"slide-674\"><img src=\"https:\/\/www.fegimeacademy.es\/sitio\/wp-content\/uploads\/2024\/05\/3-900x200.png\" height=\"200\" width=\"900\" alt=\"\" class=\"slider-650 slide-674\" title=\"3\" \/><\/li>\n                <li style=\"display: none; width: 100%;\" class=\"slide-675 ms-image\" aria-roledescription=\"slide\" aria-label=\"slide-675\"><img src=\"https:\/\/www.fegimeacademy.es\/sitio\/wp-content\/uploads\/2024\/05\/4-900x200.png\" height=\"200\" width=\"900\" alt=\"\" class=\"slider-650 slide-675\" title=\"4\" \/><\/li>\n                <li style=\"display: none; width: 100%;\" class=\"slide-676 ms-image\" aria-roledescription=\"slide\" aria-label=\"slide-676\"><img src=\"https:\/\/www.fegimeacademy.es\/sitio\/wp-content\/uploads\/2024\/05\/5-900x200.png\" height=\"200\" width=\"900\" alt=\"\" class=\"slider-650 slide-676\" title=\"5\" \/><\/li>\n            <\/ul>\n        <\/div>\n        \n    <\/div>\n<\/div>\n<p><a href=\"https:\/\/www.fegimeacademy.es\/sitio\/wp-content\/uploads\/2024\/06\/GUIA-PASO-A-PASO.pdf\" target=\"_blank\" rel=\"noopener\"><img decoding=\"async\" loading=\"lazy\" class=\"size-full wp-image-846 aligncenter\" src=\"https:\/\/www.fegimeacademy.es\/sitio\/wp-content\/uploads\/2024\/06\/descargar_guia.png\" alt=\"\" width=\"800\" height=\"390\" srcset=\"https:\/\/www.fegimeacademy.es\/sitio\/wp-content\/uploads\/2024\/06\/descargar_guia.png 800w, https:\/\/www.fegimeacademy.es\/sitio\/wp-content\/uploads\/2024\/06\/descargar_guia-768x374.png 768w\" sizes=\"(max-width: 800px) 100vw, 800px\" \/><\/a><\/p>\n<p><img decoding=\"async\" loading=\"lazy\" class=\"alignnone size-full wp-image-696\" src=\"https:\/\/www.fegimeacademy.es\/sitio\/wp-content\/uploads\/2024\/05\/logo_fegime_espana.png\" alt=\"\" width=\"300\" height=\"79\" \/><\/p>\n<p><strong>FEGIME ESPA\u00d1A S.A.<\/strong> <br \/>C\/Pr\u00edncipe de Vergara 109. Madrid <br \/>Tel. +34 91 541 70 82 <br \/>Email. marketing@fegime.es<\/p>\n<p>\u00a9 2024 by FEGIME<\/p>\n","protected":false},"excerpt":{"rendered":"<p>Plataforma formaci\u00f3n Online Le proponemos formar parte de Fegime Academy, la plataforma de teleformaci\u00f3n exclusiva del Grupo Fegime, con una oferta formativa que re\u00fane m\u00e1s de 2.000 cursos en diferentes \u00e1reas de especializaci\u00f3n. \u00bfTodo listo para saber m\u00e1s? Est\u00e1s a un paso de acceder al cat\u00e1logo de formaci\u00f3n m\u00e1s importante de nuestro sector.Solicita acceso a &#8230; <a title=\"Inicio\" class=\"read-more\" href=\"https:\/\/www.fegimeacademy.es\/sitio\/\" aria-label=\"M\u00e1s en Inicio\">[+]<\/a><\/p>\n","protected":false},"author":1,"featured_media":0,"parent":0,"menu_order":0,"comment_status":"closed","ping_status":"closed","template":"","meta":[],"_links":{"self":[{"href":"https:\/\/www.fegimeacademy.es\/sitio\/wp-json\/wp\/v2\/pages\/286"}],"collection":[{"href":"https:\/\/www.fegimeacademy.es\/sitio\/wp-json\/wp\/v2\/pages"}],"about":[{"href":"https:\/\/www.fegimeacademy.es\/sitio\/wp-json\/wp\/v2\/types\/page"}],"author":[{"embeddable":true,"href":"https:\/\/www.fegimeacademy.es\/sitio\/wp-json\/wp\/v2\/users\/1"}],"replies":[{"embeddable":true,"href":"https:\/\/www.fegimeacademy.es\/sitio\/wp-json\/wp\/v2\/comments?post=286"}],"version-history":[{"count":138,"href":"https:\/\/www.fegimeacademy.es\/sitio\/wp-json\/wp\/v2\/pages\/286\/revisions"}],"predecessor-version":[{"id":854,"href":"https:\/\/www.fegimeacademy.es\/sitio\/wp-json\/wp\/v2\/pages\/286\/revisions\/854"}],"wp:attachment":[{"href":"https:\/\/www.fegimeacademy.es\/sitio\/wp-json\/wp\/v2\/media?parent=286"}],"curies":[{"name":"wp","href":"https:\/\/api.w.org\/{rel}","templated":true}]}}